{"id":11,"date":"2013-01-09T18:37:30","date_gmt":"2013-01-09T18:37:30","guid":{"rendered":"http:\/\/utepleuger.de\/wp\/?page_id=11"},"modified":"2024-04-16T07:58:49","modified_gmt":"2024-04-16T07:58:49","slug":"biografie","status":"publish","type":"page","link":"https:\/\/utepleuger.de\/wp\/biografie\/","title":{"rendered":"Biografie"},"content":{"rendered":"<p><div id=\"metaslider-id-3445\" style=\"width: 100%;\" class=\"ml-slider-3-29-1 metaslider metaslider-flex metaslider-3445 ml-slider ms-theme-architekt has-dots-nav\">\n    <div id=\"metaslider_container_3445\">\n        <div id=\"metaslider_3445\">\n            <ul aria-live=\"polite\" class=\"slides\">\n                <li style=\"display: block; width: 100%;\" class=\"slide-3446 ms-image\"><img src=\"https:\/\/utepleuger.de\/wp-content\/uploads\/2019\/02\/Toccata-2018-Caputh-Foto_Andreas-Klaer-700x394.jpg\" height=\"394\" width=\"700\" alt=\"\" class=\"slider-3445 slide-3446\" title=\"Toccata-2018-Caputh-Foto_Andreas-Klaer\" \/><div class=\"caption-wrap\"><div class=\"caption\">kunstraum ute pleuger, Caputh \u00bbToccata\u00ab (Einzelausstellung) \u00b7 2018<\/div><\/div><\/li>\n                <li style=\"display: none; width: 100%;\" class=\"slide-3447 ms-image\"><img src=\"https:\/\/utepleuger.de\/wp-content\/uploads\/2020\/03\/2020_03_04_IMG_2711-700x394.jpg\" height=\"394\" width=\"700\" alt=\"\" class=\"slider-3445 slide-3447\" title=\"2020_03_04_IMG_2711\" \/><div class=\"caption-wrap\"><div class=\"caption\">gr_und, Berlin \u00bbSirene\u00ab Buchpr\u00e4sentation \u00b7 2020<\/div><\/div><\/li>\n                <li style=\"display: none; width: 100%;\" class=\"slide-3448 ms-image\"><img src=\"https:\/\/utepleuger.de\/wp-content\/uploads\/2023\/02\/Ausstellung-Gera-2021-scaled-700x394.jpeg\" height=\"394\" width=\"700\" alt=\"\" class=\"slider-3445 slide-3448\" title=\"hdrpl\" \/><div class=\"caption-wrap\"><div class=\"caption\">Kunstsammlung Gera, Orangerie, \u201ePolyphone \u2013 Kunst und Musik in Bild\nund Ton\u201c, 2021<\/div><\/div><\/li>\n                <li style=\"display: none; width: 100%;\" class=\"slide-3449 ms-image\"><img src=\"https:\/\/utepleuger.de\/wp-content\/uploads\/2019\/08\/Ausstellung-Stempelbilder-01-700x394.jpg\" height=\"394\" width=\"700\" alt=\"\" class=\"slider-3445 slide-3449\" title=\"Ausstellung-Stempelbilder-01\" \/><div class=\"caption-wrap\"><div class=\"caption\">kunstraum ute pleuger, Caputh \u00bbStempelbilder\u00ab (Einzelausstellung) \u00b7 2019<\/div><\/div><\/li>\n                <li style=\"display: none; width: 100%;\" class=\"slide-3450 ms-image\"><img src=\"https:\/\/utepleuger.de\/wp-content\/uploads\/2019\/02\/2010-Bayer-Leverkusen-N-700x394.jpg\" height=\"394\" width=\"700\" alt=\"\" class=\"slider-3445 slide-3450\" title=\"2010-Bayer-Leverkusen-N\" \/><div class=\"caption-wrap\"><div class=\"caption\">Bayer Kulturhaus, Leverkusen \u00bbZehn Jahre Klasse Ute Pleuger\u00ab \u00b7 2010\n<\/div><\/div><\/li>\n                <li style=\"display: none; width: 100%;\" class=\"slide-3451 ms-image\"><img src=\"https:\/\/utepleuger.de\/wp-content\/uploads\/2019\/02\/Volkspark-Halle-2015-700x394.jpg\" height=\"394\" width=\"700\" alt=\"\" class=\"slider-3445 slide-3451\" title=\"Volkspark-Halle-2015\" \/><div class=\"caption-wrap\"><div class=\"caption\">Galerie im Volkspark, Halle \u00abProfessoren und Professorinnen der Burg aus Kunst und Design\u00ab \u00b7 2015<\/div><\/div><\/li>\n                <li style=\"display: none; width: 100%;\" class=\"slide-3452 ms-image\"><img src=\"https:\/\/utepleuger.de\/wp-content\/uploads\/2019\/02\/2011-fuge-ausstellung-Liege-700x394.jpg\" height=\"394\" width=\"700\" alt=\"\" class=\"slider-3445 slide-3452\" title=\"2011- fuge-ausstellung-Liege\" \/><div class=\"caption-wrap\"><div class=\"caption\">Mus\u00e9e d'Art Moderne, Li\u00e8ge, Belgien \u00bb8e Biennale Internationale de Gravure Contemporaine\u00ab \u00b7 2011<\/div><\/div><\/li>\n                <li style=\"display: none; width: 100%;\" class=\"slide-3453 ms-image\"><img src=\"https:\/\/utepleuger.de\/wp-content\/uploads\/2019\/02\/Magdeburg-2018-700x394.jpg\" height=\"394\" width=\"700\" alt=\"\" class=\"slider-3445 slide-3453\" title=\"Magdeburg-2018\" \/><div class=\"caption-wrap\"><div class=\"caption\">Kunstmuseum Kloster Unser Lieben Frauen, Magdeburg \u00bbAMBITUS \u2013 Kunst und Musik heute\u00ab \u00b7 2018<\/div><\/div><\/li>\n                <li style=\"display: none; width: 100%;\" class=\"slide-3454 ms-image\"><img src=\"https:\/\/utepleuger.de\/wp-content\/uploads\/2019\/02\/Hamburg-2018-700x394.jpg\" height=\"394\" width=\"700\" alt=\"\" class=\"slider-3445 slide-3454\" title=\"Hamburg-2018\" \/><div class=\"caption-wrap\"><div class=\"caption\">Barlach Halle K, Hamburg \u00bbVis \u00e0 vis\u00ab \u00b7 2018<\/div><\/div><\/li>\n                <li style=\"display: none; width: 100%;\" class=\"slide-3455 ms-image\"><img src=\"https:\/\/utepleuger.de\/wp-content\/uploads\/2019\/02\/2016-Nichts-als-die-Wahrheit-Volkspark-Halle-Phillip-Hiersemann-700x394.jpg\" height=\"394\" width=\"700\" alt=\"\" class=\"slider-3445 slide-3455\" title=\"2016-Nichts-als-die-Wahrheit-Volkspark-Halle--Phillip-Hiersemann\" \/><div class=\"caption-wrap\"><div class=\"caption\">Galerie im Volkspark, Halle \u00bbNichts als die Wahrheit\u00ab \u00b7 2016<\/div><\/div><\/li>\n                <li style=\"display: none; width: 100%;\" class=\"slide-3456 ms-image\"><img src=\"https:\/\/utepleuger.de\/wp-content\/uploads\/2019\/02\/2016-Nichts-als-die-Wahrheit-Volkspark-Halle-700x394.jpg\" height=\"394\" width=\"700\" alt=\"\" class=\"slider-3445 slide-3456\" title=\"2016-Nichts-als-die-Wahrheit-Volkspark-Halle\" \/><div class=\"caption-wrap\"><div class=\"caption\">Galerie im Volkspark, Halle \u00bbNichts als die Wahrheit\u00ab \u00b7 2016<\/div><\/div><\/li>\n                <li style=\"display: none; width: 100%;\" class=\"slide-3457 ms-image\"><img src=\"https:\/\/utepleuger.de\/wp-content\/uploads\/2019\/02\/Pleuger-Alexanderplatz-1995-700x394.jpg\" height=\"394\" width=\"700\" alt=\"\" class=\"slider-3445 slide-3457\" title=\"Pleuger-Alexanderplatz-1995\" \/><div class=\"caption-wrap\"><div class=\"caption\">NGBK im U-Bahnhof Alexanderplatz, Berlin \u00bbSch\u00f6ne Aussichten\u00ab \u00b7 1995<\/div><\/div><\/li>\n                <li style=\"display: none; width: 100%;\" class=\"slide-3458 ms-image\"><img src=\"https:\/\/utepleuger.de\/wp-content\/uploads\/2019\/02\/Niebu\u0308ll-2003-2-700x394.jpg\" height=\"394\" width=\"700\" alt=\"\" class=\"slider-3445 slide-3458\" title=\"Niebu\u0308ll-2003-2\" \/><div class=\"caption-wrap\"><div class=\"caption\">Richard-Haizmann-Museum, Nieb\u00fcll \u00bbAtlas zur Neuen Natur und Arbeiten aus zehn Jahren\u00ab (Einzelausstellung) \u00b7 2003<\/div><\/div><\/li>\n                <li style=\"display: none; width: 100%;\" class=\"slide-3459 ms-image\"><img src=\"https:\/\/utepleuger.de\/wp-content\/uploads\/2019\/02\/Niebu\u0308ll-2003-e1668451060182-700x394.jpg\" height=\"394\" width=\"700\" alt=\"\" class=\"slider-3445 slide-3459\" title=\"Niebu\u0308ll-2003\" \/><div class=\"caption-wrap\"><div class=\"caption\">Richard-Haizmann-Museum, Nieb\u00fcll \u00bbAtlas zur Neuen Natur und Arbeiten aus zehn Jahren\u00ab (Einzelausstellung) \u00b7 2003<\/div><\/div><\/li>\n                <li style=\"display: none; width: 100%;\" class=\"slide-3460 ms-image\"><img src=\"https:\/\/utepleuger.de\/wp-content\/uploads\/2019\/02\/Hamburg-2018-2-700x394.jpg\" height=\"394\" width=\"700\" alt=\"\" class=\"slider-3445 slide-3460\" title=\"Hamburg-2018-2\" \/><div class=\"caption-wrap\"><div class=\"caption\">Barlach Halle K, Hamburg \u00bbVis \u00e0 vis\u00ab \u00b7 2018<\/div><\/div><\/li>\n                <li style=\"display: none; width: 100%;\" class=\"slide-3461 ms-image\"><img src=\"https:\/\/utepleuger.de\/wp-content\/uploads\/2019\/02\/Volkspark-Halle-2015-2-e1668450996567-700x394.jpg\" height=\"394\" width=\"700\" alt=\"\" class=\"slider-3445 slide-3461\" title=\"Volkspark-Halle-2015-2\" \/><div class=\"caption-wrap\"><div class=\"caption\">Galerie im Volkspark, Halle \u00abProfessoren und Professorinnen der Burg aus Kunst und Design\u00ab \u00b7 2015<\/div><\/div><\/li>\n                <li style=\"display: none; width: 100%;\" class=\"slide-3462 ms-image\"><img src=\"https:\/\/utepleuger.de\/wp-content\/uploads\/2019\/02\/2018-Toccata-Kunstraum-700x394.jpg\" height=\"394\" width=\"700\" alt=\"\" class=\"slider-3445 slide-3462\" title=\"2018-Toccata--Kunstraum\" \/><div class=\"caption-wrap\"><div class=\"caption\">kunstraum ute pleuger, Caputh \u00bbToccata\u00ab (Einzelausstellung) \u00b7 2018<\/div><\/div><\/li>\n                <li style=\"display: none; width: 100%;\" class=\"slide-3463 ms-image\"><img src=\"https:\/\/utepleuger.de\/wp-content\/uploads\/2019\/02\/Gropiusbau1996-1-700x394.jpg\" height=\"394\" width=\"700\" alt=\"\" class=\"slider-3445 slide-3463\" title=\"Gropiusbau1996\" \/><div class=\"caption-wrap\"><div class=\"caption\">Martin-Gropius-Bau, Werkbund-Archiv Berlin \u00bbSerielle R\u00e4ume\u00ab (Einzelausstellung) \u00b7 1996<\/div><\/div><\/li>\n                <li style=\"display: none; width: 100%;\" class=\"slide-3464 ms-image\"><img src=\"https:\/\/utepleuger.de\/wp-content\/uploads\/2019\/02\/2017-Plein-Jeu-Atelier-Caputh-700x394.jpg\" height=\"394\" width=\"700\" alt=\"\" class=\"slider-3445 slide-3464\" title=\"2017-Plein-Jeu,-Atelier-Caputh\" \/><div class=\"caption-wrap\"><div class=\"caption\">Atelier, Caputh \u00bbPlein-Jeu\u00ab (Einzelausstellung) \u00b7 2017<\/div><\/div><\/li>\n                <li style=\"display: none; width: 100%;\" class=\"slide-3465 ms-image\"><img src=\"https:\/\/utepleuger.de\/wp-content\/uploads\/2019\/08\/Ausstellung-Stempelbilder-02-700x394.jpg\" height=\"394\" width=\"700\" alt=\"\" class=\"slider-3445 slide-3465\" title=\"Ausstellung-Stempelbilder-02\" \/><div class=\"caption-wrap\"><div class=\"caption\">kunstraum ute pleuger, Caputh \u00bbStempelbilder\u00ab (Einzelausstellung) \u00b7 2019<\/div><\/div><\/li>\n                <li style=\"display: none; width: 100%;\" class=\"slide-3466 ms-image\"><img src=\"https:\/\/utepleuger.de\/wp-content\/uploads\/2019\/02\/2013-Transit-Atelier-2-700x394.jpg\" height=\"394\" width=\"700\" alt=\"\" class=\"slider-3445 slide-3466\" title=\"2013-Transit-Atelier-2\" \/><div class=\"caption-wrap\"><div class=\"caption\">Atelier, Caputh \u00bbTransit\u00ab (Einzelausstellung) \u00b7 2013<\/div><\/div><\/li>\n                <li style=\"display: none; width: 100%;\" class=\"slide-3467 ms-image\"><img src=\"https:\/\/utepleuger.de\/wp-content\/uploads\/2019\/02\/2013-Transit-Atelier-700x394.jpg\" height=\"394\" width=\"700\" alt=\"\" class=\"slider-3445 slide-3467\" title=\"2013-Transit-Atelier\" \/><div class=\"caption-wrap\"><div class=\"caption\">Atelier, Caputh \u00bbTransit\u00ab (Einzelausstellung) \u00b7 2013<\/div><\/div><\/li>\n            <\/ul>\n        <\/div>\n        \n    <\/div>\n<\/div><\/p>\n<div class=\"one_half\">\n<h2>Vita \u00b7 Preise \u00b7 Stipendien<\/h2>\n<p>Ute Pleuger lebt in Berlin und Caputh<\/p>\n<table border=\"0\">\n<tbody>\n<tr>\n<td style=\"text-align: right; font-weight: bold; white-space: nowrap;\">1956<\/td>\n<td>in Neuwied geboren und in Essen aufgewachsen<\/td>\n<\/tr>\n<tr>\n<td><\/td>\n<td><\/td>\n<\/tr>\n<tr>\n<td style=\"text-align: right; font-weight: bold; white-space: nowrap;\">1976\u20131983<\/td>\n<td>Studium der Malerei an der Hochschule der K\u00fcnste Berlin, Meistersch\u00fclerin bei Marwan; Orgelstudium bei Oda J\u00fcrgens<\/td>\n<\/tr>\n<tr>\n<td style=\"text-align: right; font-weight: bold;\">1979<\/td>\n<td><em>Arbeitsstipendium der Notgemeinschaft der Deutschen Kunst e.V. Berlin<\/em><\/td>\n<\/tr>\n<tr>\n<td style=\"text-align: right; font-weight: bold;\">1983\u20131985<\/td>\n<td>Atelier in Paris, Aufbaustudium bei Olivier Debr\u00e9<\/td>\n<\/tr>\n<tr>\n<td style=\"text-align: right; font-weight: bold;\">1983\u20131984<\/td>\n<td><em>Arbeitsstipendium des Deutsch-Franz\u00f6sischen Jugendwerks f\u00fcr Paris<\/em><\/td>\n<\/tr>\n<tr>\n<td style=\"text-align: right; font-weight: bold;\">1984\u20131985<\/td>\n<td><em>Arbeitsstipendium des Deutschen Akademischen Austauschdiensts f\u00fcr Paris<\/em><\/td>\n<\/tr>\n<tr>\n<td style=\"text-align: right; font-weight: bold;\">1985<\/td>\n<td><em>F\u00f6rderpreis des Kulturkreises im Bundesverband der Deutschen Industrie<\/em><\/td>\n<\/tr>\n<tr>\n<td><\/td>\n<td><\/td>\n<\/tr>\n<tr>\n<td style=\"text-align: right; font-weight: bold;\">1986\u20132006<\/td>\n<td>Atelier in Berlin<\/td>\n<\/tr>\n<tr>\n<td style=\"text-align: right; font-weight: bold;\">1987<\/td>\n<td><em>Arbeitsstipendium des Senats f\u00fcr Kulturelle Angelegenheiten von Berlin<\/em><\/td>\n<\/tr>\n<tr>\n<td style=\"text-align: right; font-weight: bold;\">1988<\/td>\n<td><em>Arbeitsstipendium der Notgemeinschaft der Deutschen Kunst e.V. Berlin<\/em><\/td>\n<\/tr>\n<tr>\n<td style=\"text-align: right; font-weight: bold;\">1989\u20131990<\/td>\n<td><em>Goldrausch-F\u00f6rderung des Berliner Senats<\/em><\/td>\n<\/tr>\n<tr>\n<td style=\"text-align: right; font-weight: bold;\">1992<\/td>\n<td><em>Preistr\u00e4gerin beim internationalen Grafikwettbewerb Linolschnitt heute Bietigheim-Bissingen<\/em><\/td>\n<\/tr>\n<tr>\n<td style=\"text-align: right; font-weight: bold;\">1993<\/td>\n<td><em>Arbeitsstipendium des Senats f\u00fcr Kulturelle Angelegenheiten von Berlin<\/em><\/td>\n<\/tr>\n<tr>\n<td style=\"text-align: right; font-weight: bold;\">1993<\/td>\n<td><em>Preistr\u00e4gerin beim Plakatwettbewerb zur Olympiabewerbung von Berlin<\/em><\/td>\n<\/tr>\n<tr>\n<td style=\"text-align: right; font-weight: bold;\">1996<\/td>\n<td><em>Atelierstipendium des Senats f\u00fcr Kulturelle Angelegenheiten von Berlin f\u00fcr das K\u00fcnstlerhaus Schlo\u00df Wiepersdorf<\/em><\/td>\n<\/tr>\n<tr>\n<td style=\"text-align: right; font-weight: bold;\">1996\u20131999<\/td>\n<td>Lehrauftrag f\u00fcr Malerei an der Hochschule der K\u00fcnste Berlin<\/td>\n<\/tr>\n<tr>\n<td style=\"text-align: right; font-weight: bold; white-space: nowrap;\">1999\u20132016<\/td>\n<td>Professur (C4) an der Burg Giebichenstein Kunsthochschule Halle (Saale), Leitung des Fachgebiets Malerei und der Klasse f\u00fcr Malerei<\/td>\n<\/tr>\n<tr>\n<td style=\"text-align: right; font-weight: bold; white-space: nowrap;\">seit 1999<\/td>\n<td>internationale Juryt\u00e4tigkeit in den Bereichen Bildende Kunst, Malerei, Grafik, Kunst am Bau<\/td>\n<\/tr>\n<tr>\n<td style=\"text-align: right; font-weight: bold;\">2004<\/td>\n<td>Sommeratelier in Bernau im Hochschwarzwald<\/td>\n<\/tr>\n<tr>\n<td style=\"text-align: right; font-weight: bold;\">2004<\/td>\n<td><em>Kunstpreis der Ilse-Augustin-Stiftung Berlin<\/em><\/td>\n<\/tr>\n<tr>\n<td style=\"text-align: right; font-weight: bold; white-space: nowrap;\">2005\u20132007<\/td>\n<td>Neubau eines Ateliers in Caputh bei Berlin<\/td>\n<\/tr>\n<tr>\n<td><\/td>\n<td><\/td>\n<\/tr>\n<tr>\n<td style=\"text-align: right; font-weight: bold; width: 12%;\">seit 2007<\/td>\n<td>Atelier in Caputh<\/td>\n<\/tr>\n<tr>\n<td style=\"text-align: right; font-weight: bold; width: 12%;\">seit 2013<\/td>\n<td>Mitglied im Deutschen K\u00fcnstlerbund<\/td>\n<\/tr>\n<tr>\n<td style=\"text-align: right; font-weight: bold; width: 12%;\">2016<\/td>\n<td>Ende der Lehrt\u00e4tigkeit<\/td>\n<\/tr>\n<tr>\n<td style=\"text-align: right; font-weight: bold; width: 12%;\">2018<\/td>\n<td>Er\u00f6ffnung des <em>Kunstraum Ute Pleuger Caputh<\/em><\/td>\n<\/tr>\n<\/tbody>\n<\/table>\n<p><\/div><div class=\"one_half last\"><\/p>\n<h2>Ausstellungen<\/h2>\n<p><em>Akademie der K\u00fcnste Berlin, Bauhaus-Archiv Berlin, Berlinische Galerie \u2013 Landesmuseum f\u00fcr Moderne Kunst Berlin, Festspielgalerie Berlin, gr_und Berlin, Haus am L\u00fctzowplatz Berlin, K\u00fcnstlerhaus Bethanien Berlin, Maxim Gorki Theater Berlin, Museum der Dinge\/Werkbund-Archiv im Martin-Gropius-Bau Berlin, Museum f\u00fcr Islamische Kunst Berlin, Neue Gesellschaft f\u00fcr Bildende Kunst Berlin, Schering Kunstverein Berlin, Universit\u00e4t der K\u00fcnste Berlin, St\u00e4dtische Galerie Bietigheim-Bissingen, Gesellschaft f\u00fcr Aktuelle Kunst Bremen, Neue S\u00e4chsische Galerie Chemnitz, St\u00e4dtische Galerie Delmenhorst, The Hugh Lane Municipal Gallery of Modern Art Dublin, Irland, St\u00e4dtische Galerie Schwarzes Kloster Freiburg i. Br., Kunstsammlung Gera, Kunsthalle Villa Kobe Halle (Saale), Kunstmuseum Moritzburg Halle (Saale), Barlach Halle K, Hamburg, Kunstkreis Hameln, Kunstverein Herford, Jenaer Kunstverein, Bayer Kulturhaus Leverkusen, Mus\u00e9e d\u2018Art Moderne Li\u00e8ge (Belgien), Stiftung Kunst, Kultur und Bildung Ludwigsburg, Kunstmuseum Kloster Unser lieben Frauen, Magdeburg, St\u00e4dtische Galerie Neuwied (Rhein), Lyonel-Feininger-Galerie, Museum f\u00fcr grafische K\u00fcnste Quedlinburg, Richard-Haizmann-Museum Nieb\u00fcll, Kunsthalle Recklinghausen, Kunstmuseum Spendhaus Reutlingen, Kunsthalle Rostock, Museum of Art Seoul, S\u00fcdkorea, Nieder\u00f6sterreichisches Dokumentationszentrum f\u00fcr Moderne Kunst St. P\u00f6lten, \u00d6sterreich, Kunstmuseum Tondern, D\u00e4nemark, Gewerbemuseum Winterthur, Schweiz und so weiter<\/em><\/p>\n<h2>Sammlungen<\/h2>\n<p>Berlinische Galerie, Landesmuseum f\u00fcr Moderne Kunst Berlin<br \/>\nLandesarchiv Berlin<br \/>\nLandesbank Berlin<br \/>\nNeuer Berliner Kunstverein<br \/>\nSchering Berlin<br \/>\nStaatliche Museen Preu\u00dfischer Kulturbesitz Berlin<br \/>\nSt\u00e4dtische Galerie Bietigheim-Bissingen<br \/>\nDeutsche Bank Frankfurt (Main)<br \/>\nArchiv der Burg Giebichenstein Halle (Saale)<br \/>\nKunstsammlung Sachsen-Anhalt<br \/>\nNorddeutsche Landesbank Hannover<br \/>\nStiftung Kunst, Kultur und Bildung Ludwigsburg<br \/>\nHypovereinsbank M\u00fcnchen<br \/>\nStadt Neuwied (Rhein)<br \/>\nPrivatsammlungen in Europa und den USA<\/p>\n<h2>Texte<\/h2>\n<p>Claudia Tittel <a href=\"http:\/\/utepleuger.de\/wp\/claudia-tittel-plein-jeu\/\">\u00bbPlein-Jeu\u00ab<\/a> 2021<br \/>\nUwe Gellner <a href=\"http:\/\/utepleuger.de\/wp\/gellner-einfache_fuge_4-7\/\">\u00bbEinfache Fuge #4\u20137\u00ab<\/a> 2018<br \/>\nJulia Frese <a href=\"http:\/\/utepleuger.de\/wp\/julia-frese\/\">\u00bbDer fehlende Satz der Sinfonie\u00ab<\/a> 2018<br \/>\nG\u00fcnter Kowa <a href=\"http:\/\/utepleuger.de\/wp\/guenter-kowa\/\">\u00bbUte Pleuger h\u00f6rt an der \u203aBurg\u2039 in Halle auf\u00ab<\/a> 2016<br \/>\nJule Reuter <a href=\"http:\/\/utepleuger.de\/wp\/jule-reuter-imago\/\">\u00bbImago\u00ab<\/a> 2015<br \/>\nRike Zoebelin <a href=\"http:\/\/utepleuger.de\/wp\/interview-bayer\/\">\u00bbLust auf Kunst und Lehre\u00ab<\/a> 2010<br \/>\nBarbara Straka <a href=\"http:\/\/utepleuger.de\/wp\/publikationen\/kataloge-seit-1985-auswahl\/barbara-straka-kunstformen\/\">\u00bbKunstformen der Neuen Natur\u00ab<\/a> 2003<br \/>\nUwe Haupenthal <a href=\"http:\/\/utepleuger.de\/wp\/publikationen\/kataloge-seit-1985-auswahl\/uwe-haupenthal\/\">\u00bbVon den Seriellen R\u00e4umen zum Atlas\u2026\u00ab<\/a> 2003<br \/>\nUlrike Lorenz <a href=\"http:\/\/utepleuger.de\/wp\/publikationen\/ulrike-lorenz\/\">\u00bbVor den Bildern von Ute Pleuger\u00ab<\/a> 1998<br \/>\nBarbara Straka <a href=\"http:\/\/utepleuger.de\/wp\/publikationen\/kataloge-seit-1985-auswahl\/barbara-straka-horizonte\/\">\u00bbHorizonte am Ende von Natur und Kunst\u00ab<\/a> 1997<br \/>\nMatthias Schirren <a href=\"http:\/\/utepleuger.de\/wp\/matthias-schirren\/\">\u00bbSerielle R\u00e4ume\u00ab<\/a> (Er\u00f6ffnungsrede) 1996<br \/>\nKathrin Becker <a href=\"http:\/\/utepleuger.de\/wp\/publikationen\/kataloge-seit-1985-auswahl\/kathrin-becker\/\">\u00bbDas Fenster zum Hof\u00ab<\/a> 1996<br \/>\nReiner Niehoff <a href=\"http:\/\/utepleuger.de\/wp\/reiner-niehof\/\">\u00bbZeit als ewige Wiederkehr\u00ab<\/a> (Er\u00f6ffnungsrede) 1993<br \/>\nAnnie Bardon <a href=\"http:\/\/utepleuger.de\/wp\/publikationen\/kataloge-seit-1985-auswahl\/annie-bardon\/\">\u00bbStrenges Ma\u00df und gro\u00dfe Expressivit\u00e4t\u00ab<\/a> 1992<br \/>\nReiner Niehoff <a href=\"http:\/\/utepleuger.de\/wp\/publikationen\/kataloge-seit-1985-auswahl\/reiner-niehoff-fassaden-1\/\">\u00bbFassaden\u00ab<\/a> 1990<br \/>\nMargarethe Jochimsen <a href=\"http:\/\/utepleuger.de\/wp\/margarethe-jochimsen\/\">\u00bbMit den Augen h\u00f6ren\u00ab<\/a> (Er\u00f6ffnungsrede) 1986<\/p>\n<p><\/div><div class=\"clearboth\"><\/div><\/p>","protected":false},"excerpt":{"rendered":"","protected":false},"author":1,"featured_media":0,"parent":0,"menu_order":0,"comment_status":"closed","ping_status":"closed","template":"","meta":[],"_links":{"self":[{"href":"https:\/\/utepleuger.de\/wp\/wp-json\/wp\/v2\/pages\/11"}],"collection":[{"href":"https:\/\/utepleuger.de\/wp\/wp-json\/wp\/v2\/pages"}],"about":[{"href":"https:\/\/utepleuger.de\/wp\/wp-json\/wp\/v2\/types\/page"}],"author":[{"embeddable":true,"href":"https:\/\/utepleuger.de\/wp\/wp-json\/wp\/v2\/users\/1"}],"replies":[{"embeddable":true,"href":"https:\/\/utepleuger.de\/wp\/wp-json\/wp\/v2\/comments?post=11"}],"version-history":[{"count":141,"href":"https:\/\/utepleuger.de\/wp\/wp-json\/wp\/v2\/pages\/11\/revisions"}],"predecessor-version":[{"id":4101,"href":"https:\/\/utepleuger.de\/wp\/wp-json\/wp\/v2\/pages\/11\/revisions\/4101"}],"wp:attachment":[{"href":"https:\/\/utepleuger.de\/wp\/wp-json\/wp\/v2\/media?parent=11"}],"curies":[{"name":"wp","href":"https:\/\/api.w.org\/{rel}","templated":true}]}}